{"id":2101,"date":"2021-04-12T05:27:18","date_gmt":"2021-04-12T03:27:18","guid":{"rendered":"https:\/\/laiaframis.com\/faqs\/"},"modified":"2023-10-17T12:39:23","modified_gmt":"2023-10-17T10:39:23","slug":"faqs","status":"publish","type":"page","link":"https:\/\/laiaframis.com\/en\/faqs\/","title":{"rendered":"FAQS"},"content":{"rendered":"\n<div class=\"wp-block-uagb-container uagb-block-2ea99191 alignfull uagb-is-root-container\"><div class=\"uagb-container-inner-blocks-wrap\">\n<div class=\"wp-block-uagb-advanced-heading uagb-block-ee554a0f\"><h1 class=\"uagb-heading-text\">FAQ&#8217;S<\/h1><\/div>\n<\/div><\/div>\n\n<div class=\"wp-block-uagb-container uagb-block-f10fe5df alignfull uagb-is-root-container\"><div class=\"uagb-container-inner-blocks-wrap\">\n<div class=\"wp-block-uagb-container uagb-block-2d1c557b\">\n<div class=\"wp-block-uagb-container uagb-block-b59c1119\">\n<div class=\"wp-block-uagb-info-box uagb-block-2c89be15 uagb-infobox__content-wrap  uagb-infobox-icon-above-title uagb-infobox-image-valign-top\"><div class=\"uagb-ifb-content\"><div class=\"uagb-ifb-title-wrap\"><span class=\"uagb-ifb-title-prefix\">01.<\/span><h4 class=\"uagb-ifb-title\">How can I make an appointment or get a quote for a tattoo?<\/h4><\/div><\/div><\/div>\n<\/div>\n\n\n\n<div class=\"wp-block-uagb-container uagb-block-87212e6a\">\n<div class=\"wp-block-uagb-advanced-heading uagb-block-f5afeff8\"><p class=\"uagb-heading-text\">Puedes dirigirte al apartado de \u201cPide cita\u201d y rellenar el formulario de contacto.<\/p><\/div>\n<\/div>\n<\/div>\n\n\n\n<div class=\"wp-block-uagb-container uagb-block-c838e8a4\">\n<div class=\"wp-block-uagb-container uagb-block-b049fb8a\">\n<div class=\"wp-block-uagb-info-box uagb-block-1a0df2d1 uagb-infobox__content-wrap  uagb-infobox-icon-above-title uagb-infobox-image-valign-top\"><div class=\"uagb-ifb-content\"><div class=\"uagb-ifb-title-wrap\"><span class=\"uagb-ifb-title-prefix\">02.<\/span><h4 class=\"uagb-ifb-title\">Can I come and talk to you personally in the studio?<\/h4><\/div><\/div><\/div>\n<\/div>\n\n\n\n<div class=\"wp-block-uagb-container uagb-block-7c779cde\">\n<div class=\"wp-block-uagb-advanced-heading uagb-block-e7034f91\"><p class=\"uagb-heading-text\">\u00a1Por supuesto! S\u00f3lo debes rellenar el formulario de contacto y pedir una cita informativa para que pueda atenderte.<\/p><\/div>\n<\/div>\n<\/div>\n\n\n\n<div class=\"wp-block-uagb-container uagb-block-5f143b4c\">\n<div class=\"wp-block-uagb-container uagb-block-d4532b47\">\n<div class=\"wp-block-uagb-info-box uagb-block-99ead253 uagb-infobox__content-wrap  uagb-infobox-icon-above-title uagb-infobox-image-valign-top\"><div class=\"uagb-ifb-content\"><div class=\"uagb-ifb-title-wrap\"><span class=\"uagb-ifb-title-prefix\">03.<\/span><h4 class=\"uagb-ifb-title\">What is the price of a tattoo?<\/h4><\/div><\/div><\/div>\n<\/div>\n\n\n\n<div class=\"wp-block-uagb-container uagb-block-16efadae\">\n<div class=\"wp-block-uagb-advanced-heading uagb-block-32120399\"><p class=\"uagb-heading-text\">El precio de un tatuaje var\u00eda mucho en funci\u00f3n del estilo, tama\u00f1o, zona a tatuar, nivel de detalle\u2026 Por eso, para poder darte un presupuesto necesitamos que rellenes el formulario de \u201cPide cita\u201d y nos indiques todos los datos. Una vez recibamos tu petici\u00f3n te daremos un presupuesto aproximado sin compromiso.<\/p><\/div>\n<\/div>\n<\/div>\n\n\n\n<div class=\"wp-block-uagb-container uagb-block-364b9491\">\n<div class=\"wp-block-uagb-container uagb-block-e5ccdc6a\">\n<div class=\"wp-block-uagb-info-box uagb-block-2761e470 uagb-infobox__content-wrap  uagb-infobox-icon-above-title uagb-infobox-image-valign-top\"><div class=\"uagb-ifb-content\"><div class=\"uagb-ifb-title-wrap\"><span class=\"uagb-ifb-title-prefix\">04.<\/span><h4 class=\"uagb-ifb-title\">What is the minimum age to get a tattoo?<\/h4><\/div><\/div><\/div>\n<\/div>\n\n\n\n<div class=\"wp-block-uagb-container uagb-block-a77c634f\">\n<div class=\"wp-block-uagb-advanced-heading uagb-block-bfba5013\"><p class=\"uagb-heading-text\">Puedes tatuarte sin problema a partir de los 18 a\u00f1os de edad, aunque en Espa\u00f1a puedes hacerlo siendo menor, siempre con el consentimiento de tus padres o tutores legales.<\/p><\/div>\n<\/div>\n<\/div>\n\n\n\n<div class=\"wp-block-uagb-container uagb-block-1fbf1398\">\n<div class=\"wp-block-uagb-container uagb-block-dc5edea6\">\n<div class=\"wp-block-uagb-info-box uagb-block-c0754c97 uagb-infobox__content-wrap  uagb-infobox-icon-above-title uagb-infobox-image-valign-top\"><div class=\"uagb-ifb-content\"><div class=\"uagb-ifb-title-wrap\"><span class=\"uagb-ifb-title-prefix\">05.<\/span><h4 class=\"uagb-ifb-title\">Does it hurt a lot to get a tattoo?<\/h4><\/div><\/div><\/div>\n<\/div>\n\n\n\n<div class=\"wp-block-uagb-container uagb-block-da0a668b\">\n<div class=\"wp-block-uagb-advanced-heading uagb-block-2a87ace8\"><p class=\"uagb-heading-text\">La percepci\u00f3n del dolor durante el proceso de tatuaje puede variar de una persona a otra. Algunas personas experimentan molestias leves, mientras que otras pueden encontrarlo m\u00e1s inc\u00f3modo. El nivel de dolor depende de varios factores, como la ubicaci\u00f3n del tatuaje en el cuerpo, la sensibilidad individual, el umbral de dolor y el tama\u00f1o y estilo del tatuaje.\u00a0<br\/>Por ejemplo, los tatuajes de l\u00ednea fina no duelen pr\u00e1cticamente nada. Sin embargo, hay estilos de tatuaje en los que se debe aplicar m\u00e1s tinta y, en consecuencia, acaban doliendo un poco m\u00e1s.<br\/>Es importante tener en cuenta que, si bien el tatuaje puede causar cierta incomodidad, la mayor\u00eda de las personas encuentran que el dolor es tolerable y manejable. Siempre procurar\u00e9 trabajar de manera eficiente y minimizar el malestar tanto como sea posible. Adem\u00e1s, la liberaci\u00f3n de endorfinas durante el proceso puede ayudar a reducir la sensaci\u00f3n de dolor.<br\/>Si tienes preocupaciones acerca de este tema, siempre puedes comunic\u00e1rmelo antes de la sesi\u00f3n, as\u00ed podr\u00e9 ayudarte a tranquilizarte y aconsejarte sobre c\u00f3mo manejar el dolor durante el proceso.<\/p><\/div>\n<\/div>\n<\/div>\n\n\n\n<div class=\"wp-block-uagb-container uagb-block-7dd1e9db\">\n<div class=\"wp-block-uagb-container uagb-block-d63d655b\">\n<div class=\"wp-block-uagb-info-box uagb-block-3eaa7ba9 uagb-infobox__content-wrap  uagb-infobox-icon-above-title uagb-infobox-image-valign-top\"><div class=\"uagb-ifb-content\"><div class=\"uagb-ifb-title-wrap\"><span class=\"uagb-ifb-title-prefix\">06.<\/span><h4 class=\"uagb-ifb-title\">Do you do cover-ups?<\/h4><\/div><\/div><\/div>\n<\/div>\n\n\n\n<div class=\"wp-block-uagb-container uagb-block-7104863c\">\n<div class=\"wp-block-uagb-advanced-heading uagb-block-dabdf35d\"><p class=\"uagb-heading-text\">Depende. Para hacer un cover debo asegurarme previamente de que lo que quieres hacerte es viable y vamos a obtener un buen resultado. Si no es el caso, prefiero recomendar hacer unas sesiones de l\u00e1ser previamente. Puedes rellenar el formulario de contacto del apartado de \u201cPide cita\u201d y adjuntar im\u00e1genes para poder valorar tu caso en concreto.<\/p><\/div>\n<\/div>\n<\/div>\n\n\n\n<div class=\"wp-block-uagb-container uagb-block-aa43fd66\">\n<div class=\"wp-block-uagb-container uagb-block-62851828\">\n<div class=\"wp-block-uagb-info-box uagb-block-e3406b84 uagb-infobox__content-wrap  uagb-infobox-icon-above-title uagb-infobox-image-valign-top\"><div class=\"uagb-ifb-content\"><div class=\"uagb-ifb-title-wrap\"><span class=\"uagb-ifb-title-prefix\">07.<\/span><h4 class=\"uagb-ifb-title\">What should I do before my appointment?<\/h4><\/div><\/div><\/div>\n<\/div>\n\n\n\n<div class=\"wp-block-uagb-container uagb-block-e171e1bd\">\n<ul class=\"wp-block-list\" style=\"margin-left:10px;padding-right:0px;padding-left:0px\">\n<li>Eat well before your session. <\/li>\n\n\n\n<li>Hydrate, drink water and apply moisturizing cream to the area to be tattooed a few days in advance &#8211; not too much to avoid pimples or rashes.<\/li>\n\n\n\n<li>Do not sunbathe to avoid sunburn or dry skin.<\/li>\n\n\n\n<li>Do not consume alcohol, drugs or abuse caffeine the day before your appointment.<\/li>\n<\/ul>\n<\/div>\n<\/div>\n\n\n\n<div class=\"wp-block-uagb-container uagb-block-6e68c11b\">\n<div class=\"wp-block-uagb-container uagb-block-9b7f9f0a\">\n<div class=\"wp-block-uagb-info-box uagb-block-2511793a uagb-infobox__content-wrap  uagb-infobox-icon-above-title uagb-infobox-image-valign-top\"><div class=\"uagb-ifb-content\"><div class=\"uagb-ifb-title-wrap\"><span class=\"uagb-ifb-title-prefix\">08.<\/span><h4 class=\"uagb-ifb-title\">How should I take care of my freshly done tattoo?<\/h4><\/div><\/div><\/div>\n<\/div>\n\n\n\n<div class=\"wp-block-uagb-container uagb-block-49a7104e\">\n<ul class=\"wp-block-list\" style=\"margin-left:10px;padding-right:0px;padding-left:0px\">\n<li>Always wash your hands with soap before touching your tattoo.<\/li>\n\n\n\n<li>Remove the film 3 hours after tattooing. <\/li>\n\n\n\n<li>Wash the tattoo with fresh water and neutral PH soap. Wet a paper towel and gently press the tattoo for a few seconds, without rubbing. Let the tattoo dry on its own or with the help of a dry paper towel, dabbing it carefully so as not to damage the tattoo. Afterwards, apply a very thin layer of tattoo healing cream.<\/li>\n\n\n\n<li>You will repeat this process three times a day for the first week and once or twice from the second week until you see that the tattoo is completely healed.<\/li>\n\n\n\n<li>Avoid immersing your tattoo in water for at least the first two to three weeks. This includes avoiding swimming pools, beaches, hot tubs, saunas, prolonged bathing and excessive exposure to hot water.<\/li>\n\n\n\n<li>Wear loose, breathable clothing to avoid friction and allow the tattoo to breathe. <\/li>\n\n\n\n<li>Do not scratch, rub or pinch the tattoo. This can cause irritation, damage the design and delay healing.<\/li>\n\n\n\n<li>Do not expose the tattoo to direct sunlight for the first three weeks. Once this time has passed, it is advisable to apply sunscreen +50 when you are going to expose yourself to the sun.<\/li>\n\n\n\n<li>During the first two days do not drink alcohol or sweat excessively as this can negatively affect the quality of the tattoo.<\/li>\n\n\n\n<li>Avoid activities that may expose the tattoo to dirt, dust, excessive perspiration or friction, such as contact sports, strenuous activities or rubbing against objects.<\/li>\n\n\n\n<li>Avoid contact with harsh chemicals such as bleach, strong detergents or abrasive cleaning products until completely healed. <\/li>\n<\/ul>\n<\/div>\n<\/div>\n<\/div><\/div>\n<style>.wp-block-kadence-advancedheading.kt-adv-heading1072_7e43d5-d3, .wp-block-kadence-advancedheading.kt-adv-heading1072_7e43d5-d3[data-kb-block=\"kb-adv-heading1072_7e43d5-d3\"]{text-align:center;font-style:normal;}.wp-block-kadence-advancedheading.kt-adv-heading1072_7e43d5-d3 mark.kt-highlight, .wp-block-kadence-advancedheading.kt-adv-heading1072_7e43d5-d3[data-kb-block=\"kb-adv-heading1072_7e43d5-d3\"] mark.kt-highlight{font-style:normal;color:#f76a0c;-webkit-box-decoration-break:clone;box-decoration-break:clone;padding-top:0px;padding-right:0px;padding-bottom:0px;padding-left:0px;}.wp-block-kadence-advancedheading.kt-adv-heading1072_7e43d5-d3 img.kb-inline-image, .wp-block-kadence-advancedheading.kt-adv-heading1072_7e43d5-d3[data-kb-block=\"kb-adv-heading1072_7e43d5-d3\"] img.kb-inline-image{width:150px;vertical-align:baseline;}@media all and (max-width: 767px){.wp-block-kadence-advancedheading.kt-adv-heading1072_7e43d5-d3, .wp-block-kadence-advancedheading.kt-adv-heading1072_7e43d5-d3[data-kb-block=\"kb-adv-heading1072_7e43d5-d3\"]{font-size:25px;}}<\/style>\n<h4 class=\"kt-adv-heading1072_7e43d5-d3 wp-block-kadence-advancedheading\" data-kb-block=\"kb-adv-heading1072_7e43d5-d3\">If you have more questions you can always write me and I will help you with whatever you need.<\/h4>\n\n<div class=\"wp-block-uagb-buttons uagb-buttons__outer-wrap uagb-btn__default-btn uagb-btn-tablet__default-btn uagb-btn-mobile__default-btn uagb-block-cb69ca9e\"><div class=\"uagb-buttons__wrap uagb-buttons-layout-wrap\">\n<div class=\"wp-block-uagb-buttons-child uagb-buttons__outer-wrap uagb-block-7b0fc695 wp-block-button\"><div class=\"uagb-button__wrapper\"><a class=\"uagb-buttons-repeater wp-block-button__link\" href=\"https:\/\/laiaframis.com\/en\/make-an-appointment\/\" onclick=\"return true;\" rel=\"follow noopener\" target=\"_self\"><div class=\"uagb-button__link\">contact<\/div><\/a><\/div><\/div>\n<\/div><\/div>\n","protected":false},"excerpt":{"rendered":"<p>FAQ&#8217;S Puedes dirigirte al apartado de \u201cPide cita\u201d y rellenar el formulario de contacto. \u00a1Por supuesto! S\u00f3lo debes rellenar el formulario de contacto y pedir una cita informativa para que pueda atenderte. El precio de un tatuaje var\u00eda mucho en funci\u00f3n del estilo, tama\u00f1o, zona a tatuar, nivel de detalle\u2026 Por eso, para poder darte [&hellip;]<\/p>\n","protected":false},"author":1,"featured_media":0,"parent":0,"menu_order":0,"comment_status":"closed","ping_status":"closed","template":"","meta":{"_uag_custom_page_level_css":"","_kad_blocks_custom_css":"","_kad_blocks_head_custom_js":"","_kad_blocks_body_custom_js":"","_kad_blocks_footer_custom_js":"","site-sidebar-layout":"no-sidebar","site-content-layout":"plain-container","ast-site-content-layout":"","site-content-style":"default","site-sidebar-style":"default","ast-global-header-display":"","ast-banner-title-visibility":"","ast-main-header-display":"","ast-hfb-above-header-display":"","ast-hfb-below-header-display":"","ast-hfb-mobile-header-display":"","site-post-title":"disabled","ast-breadcrumbs-content":"disabled","ast-featured-img":"disabled","footer-sml-layout":"","theme-transparent-header-meta":"enabled","adv-header-id-meta":"","stick-header-meta":"","header-above-stick-meta":"","header-main-stick-meta":"","header-below-stick-meta":"","astra-migrate-meta-layouts":"default","ast-page-background-enabled":"default","ast-page-background-meta":{"desktop":{"background-color":"var(--ast-global-color-4)","background-image":"","background-repeat":"repeat","background-position":"center center","background-size":"auto","background-attachment":"scroll","background-type":"","background-media":"","overlay-type":"","overlay-color":"","overlay-opacity":"","overlay-gradient":""},"tablet":{"background-color":"","background-image":"","background-repeat":"repeat","background-position":"center center","background-size":"auto","background-attachment":"scroll","background-type":"","background-media":"","overlay-type":"","overlay-color":"","overlay-opacity":"","overlay-gradient":""},"mobile":{"background-color":"","background-image":"","background-repeat":"repeat","background-position":"center center","background-size":"auto","background-attachment":"scroll","background-type":"","background-media":"","overlay-type":"","overlay-color":"","overlay-opacity":"","overlay-gradient":""}},"ast-content-background-meta":{"desktop":{"background-color":"var(--ast-global-color-5)","background-image":"","background-repeat":"repeat","background-position":"center center","background-size":"auto","background-attachment":"scroll","background-type":"","background-media":"","overlay-type":"","overlay-color":"","overlay-opacity":"","overlay-gradient":""},"tablet":{"background-color":"var(--ast-global-color-5)","background-image":"","background-repeat":"repeat","background-position":"center center","background-size":"auto","background-attachment":"scroll","background-type":"","background-media":"","overlay-type":"","overlay-color":"","overlay-opacity":"","overlay-gradient":""},"mobile":{"background-color":"var(--ast-global-color-5)","background-image":"","background-repeat":"repeat","background-position":"center center","background-size":"auto","background-attachment":"scroll","background-type":"","background-media":"","overlay-type":"","overlay-color":"","overlay-opacity":"","overlay-gradient":""}},"footnotes":""},"class_list":["post-2101","page","type-page","status-publish","hentry"],"taxonomy_info":[],"featured_image_src_large":false,"author_info":{"display_name":"admin","author_link":"https:\/\/laiaframis.com\/en\/author\/empiezapori\/"},"comment_info":0,"uagb_featured_image_src":{"full":false,"thumbnail":false,"medium":false,"medium_large":false,"large":false,"1536x1536":false,"2048x2048":false},"uagb_author_info":{"display_name":"admin","author_link":"https:\/\/laiaframis.com\/en\/author\/empiezapori\/"},"uagb_comment_info":0,"uagb_excerpt":"FAQ&#8217;S Puedes dirigirte al apartado de \u201cPide cita\u201d y rellenar el formulario de contacto. \u00a1Por supuesto! S\u00f3lo debes rellenar el formulario de contacto y pedir una cita informativa para que pueda atenderte. El precio de un tatuaje var\u00eda mucho en funci\u00f3n del estilo, tama\u00f1o, zona a tatuar, nivel de detalle\u2026 Por eso, para poder darte&hellip;","_links":{"self":[{"href":"https:\/\/laiaframis.com\/en\/wp-json\/wp\/v2\/pages\/2101","targetHints":{"allow":["GET"]}}],"collection":[{"href":"https:\/\/laiaframis.com\/en\/wp-json\/wp\/v2\/pages"}],"about":[{"href":"https:\/\/laiaframis.com\/en\/wp-json\/wp\/v2\/types\/page"}],"author":[{"embeddable":true,"href":"https:\/\/laiaframis.com\/en\/wp-json\/wp\/v2\/users\/1"}],"replies":[{"embeddable":true,"href":"https:\/\/laiaframis.com\/en\/wp-json\/wp\/v2\/comments?post=2101"}],"version-history":[{"count":3,"href":"https:\/\/laiaframis.com\/en\/wp-json\/wp\/v2\/pages\/2101\/revisions"}],"predecessor-version":[{"id":2105,"href":"https:\/\/laiaframis.com\/en\/wp-json\/wp\/v2\/pages\/2101\/revisions\/2105"}],"wp:attachment":[{"href":"https:\/\/laiaframis.com\/en\/wp-json\/wp\/v2\/media?parent=2101"}],"curies":[{"name":"wp","href":"https:\/\/api.w.org\/{rel}","templated":true}]}}